{"id":2627,"date":"2026-02-08T23:43:03","date_gmt":"2026-02-08T23:43:03","guid":{"rendered":"https:\/\/balkonrandprofile.com\/?post_type=product&#038;p=2627"},"modified":"2026-02-12T22:42:23","modified_gmt":"2026-02-12T22:42:23","slug":"abstandshalter-fur-balken","status":"publish","type":"product","link":"https:\/\/balkonrandprofile.com\/?product=abstandshalter-fur-balken","title":{"rendered":"Abstandshalter f\u00fcr Balken"},"content":{"rendered":"<p data-start=\"75\" data-end=\"198\">Abstandshalter zur pr\u00e4zisen Positionierung und Fixierung von Unterkonstruktionsbalken bei Terrassen- und Balkonaufbauten.<\/p>\n<p data-start=\"200\" data-end=\"337\">Er gew\u00e4hrleistet gleichm\u00e4\u00dfige Abst\u00e4nde zwischen den Balken und unterst\u00fctzt eine stabile sowie ma\u00dfgenaue Ausf\u00fchrung der Unterkonstruktion.<\/p>\n<p data-start=\"339\" data-end=\"465\">Gefertigt aus widerstandsf\u00e4higem, witterungsbest\u00e4ndigem Material und geeignet f\u00fcr den professionellen Einsatz im Au\u00dfenbereich.<\/p>\n","protected":false},"excerpt":{"rendered":"<p>Abstandshalter zur pr\u00e4zisen Positionierung und Fixierung von Unterkonstruktionsbalken bei Terrassen- und Balkonaufbauten. Er gew\u00e4hrleistet gleichm\u00e4\u00dfige Abst\u00e4nde zwischen den Balken und<\/p>\n","protected":false},"featured_media":2628,"comment_status":"open","ping_status":"closed","template":"","meta":[],"product_brand":[],"product_cat":[91,88],"product_tag":[],"class_list":{"0":"post-2627","1":"product","2":"type-product","3":"status-publish","4":"has-post-thumbnail","6":"product_cat-abstandshalter-keile","7":"product_cat-verbinder-zubehor","9":"first","10":"instock","11":"shipping-taxable","12":"purchasable","13":"product-type-simple"},"_links":{"self":[{"href":"https:\/\/balkonrandprofile.com\/index.php?rest_route=\/wp\/v2\/product\/2627","targetHints":{"allow":["GET"]}}],"collection":[{"href":"https:\/\/balkonrandprofile.com\/index.php?rest_route=\/wp\/v2\/product"}],"about":[{"href":"https:\/\/balkonrandprofile.com\/index.php?rest_route=\/wp\/v2\/types\/product"}],"replies":[{"embeddable":true,"href":"https:\/\/balkonrandprofile.com\/index.php?rest_route=%2Fwp%2Fv2%2Fcomments&post=2627"}],"version-history":[{"count":2,"href":"https:\/\/balkonrandprofile.com\/index.php?rest_route=\/wp\/v2\/product\/2627\/revisions"}],"predecessor-version":[{"id":2794,"href":"https:\/\/balkonrandprofile.com\/index.php?rest_route=\/wp\/v2\/product\/2627\/revisions\/2794"}],"wp:featuredmedia":[{"embeddable":true,"href":"https:\/\/balkonrandprofile.com\/index.php?rest_route=\/wp\/v2\/media\/2628"}],"wp:attachment":[{"href":"https:\/\/balkonrandprofile.com\/index.php?rest_route=%2Fwp%2Fv2%2Fmedia&parent=2627"}],"wp:term":[{"taxonomy":"product_brand","embeddable":true,"href":"https:\/\/balkonrandprofile.com\/index.php?rest_route=%2Fwp%2Fv2%2Fproduct_brand&post=2627"},{"taxonomy":"product_cat","embeddable":true,"href":"https:\/\/balkonrandprofile.com\/index.php?rest_route=%2Fwp%2Fv2%2Fproduct_cat&post=2627"},{"taxonomy":"product_tag","embeddable":true,"href":"https:\/\/balkonrandprofile.com\/index.php?rest_route=%2Fwp%2Fv2%2Fproduct_tag&post=2627"}],"curies":[{"name":"wp","href":"https:\/\/api.w.org\/{rel}","templated":true}]}}