{"id":2550,"date":"2026-02-08T23:19:17","date_gmt":"2026-02-08T23:19:17","guid":{"rendered":"https:\/\/balkonrandprofile.com\/?post_type=product&#038;p=2550"},"modified":"2026-02-12T22:57:29","modified_gmt":"2026-02-12T22:57:29","slug":"untere-treppenhalterung-1-stuck-treppenclip","status":"publish","type":"product","link":"https:\/\/balkonrandprofile.com\/?product=untere-treppenhalterung-1-stuck-treppenclip","title":{"rendered":"Untere Treppenhalterung &#8211; 1 St\u00fcck Treppenclip"},"content":{"rendered":"<div class=\"text-base my-auto mx-auto [--thread-content-margin:--spacing(4)] @w-sm\/main:[--thread-content-margin:--spacing(6)] @w-lg\/main:[--thread-content-margin:--spacing(16)] px-(--thread-content-margin)\">\n<div class=\"[--thread-content-max-width:40rem] @w-lg\/main:[--thread-content-max-width:48rem] mx-auto max-w-(--thread-content-max-width) flex-1 group\/turn-messages focus-visible:outline-hidden relative flex w-full min-w-0 flex-col agent-turn\" tabindex=\"-1\">\n<div class=\"flex max-w-full flex-col grow\">\n<div class=\"min-h-8 text-message relative flex w-full flex-col items-end gap-2 text-start break-words whitespace-normal [.text-message+&amp;]:mt-1\" dir=\"auto\" data-message-author-role=\"assistant\" data-message-id=\"2ea92e76-45e8-4777-a22a-7459a1605f01\" data-message-model-slug=\"gpt-5-2-instant\">\n<div class=\"flex w-full flex-col gap-1 empty:hidden first:pt-[1px]\">\n<div class=\"markdown prose dark:prose-invert w-full wrap-break-word light markdown-new-styling\">\n<p data-start=\"50\" data-end=\"157\">Untere Treppenhalterung zur sicheren Befestigung und Stabilisierung von Treppenelementen im Systemaufbau.<\/p>\n<p data-start=\"159\" data-end=\"295\">Der Treppenclip sorgt f\u00fcr eine pr\u00e4zise Positionierung sowie eine stabile Verbindung im unteren Anschlussbereich der Treppenkonstruktion.<\/p>\n<p data-start=\"297\" data-end=\"423\" data-is-last-node=\"\" data-is-only-node=\"\">Gefertigt aus widerstandsf\u00e4higem, witterungsbest\u00e4ndigem Material und geeignet f\u00fcr den professionellen Einsatz im Au\u00dfenbereich.<\/p>\n<\/div>\n<\/div>\n<\/div>\n<\/div>\n<div class=\"z-0 flex min-h-[46px] justify-start\"><\/div>\n<\/div>\n<\/div>\n","protected":false},"excerpt":{"rendered":"<p>Untere Treppenhalterung zur sicheren Befestigung und Stabilisierung von Treppenelementen im Systemaufbau. Der Treppenclip sorgt f\u00fcr eine pr\u00e4zise Positionierung sowie eine<\/p>\n","protected":false},"featured_media":2552,"comment_status":"open","ping_status":"closed","template":"","meta":[],"product_brand":[],"product_cat":[74,69],"product_tag":[],"class_list":{"0":"post-2550","1":"product","2":"type-product","3":"status-publish","4":"has-post-thumbnail","6":"product_cat-stufen-und-treppensysteme","7":"product_cat-terrassen-und-balkonsysteme","9":"first","10":"instock","11":"shipping-taxable","12":"purchasable","13":"product-type-simple"},"_links":{"self":[{"href":"https:\/\/balkonrandprofile.com\/index.php?rest_route=\/wp\/v2\/product\/2550","targetHints":{"allow":["GET"]}}],"collection":[{"href":"https:\/\/balkonrandprofile.com\/index.php?rest_route=\/wp\/v2\/product"}],"about":[{"href":"https:\/\/balkonrandprofile.com\/index.php?rest_route=\/wp\/v2\/types\/product"}],"replies":[{"embeddable":true,"href":"https:\/\/balkonrandprofile.com\/index.php?rest_route=%2Fwp%2Fv2%2Fcomments&post=2550"}],"version-history":[{"count":2,"href":"https:\/\/balkonrandprofile.com\/index.php?rest_route=\/wp\/v2\/product\/2550\/revisions"}],"predecessor-version":[{"id":2817,"href":"https:\/\/balkonrandprofile.com\/index.php?rest_route=\/wp\/v2\/product\/2550\/revisions\/2817"}],"wp:featuredmedia":[{"embeddable":true,"href":"https:\/\/balkonrandprofile.com\/index.php?rest_route=\/wp\/v2\/media\/2552"}],"wp:attachment":[{"href":"https:\/\/balkonrandprofile.com\/index.php?rest_route=%2Fwp%2Fv2%2Fmedia&parent=2550"}],"wp:term":[{"taxonomy":"product_brand","embeddable":true,"href":"https:\/\/balkonrandprofile.com\/index.php?rest_route=%2Fwp%2Fv2%2Fproduct_brand&post=2550"},{"taxonomy":"product_cat","embeddable":true,"href":"https:\/\/balkonrandprofile.com\/index.php?rest_route=%2Fwp%2Fv2%2Fproduct_cat&post=2550"},{"taxonomy":"product_tag","embeddable":true,"href":"https:\/\/balkonrandprofile.com\/index.php?rest_route=%2Fwp%2Fv2%2Fproduct_tag&post=2550"}],"curies":[{"name":"wp","href":"https:\/\/api.w.org\/{rel}","templated":true}]}}