{"id":2499,"date":"2026-02-08T23:06:09","date_gmt":"2026-02-08T23:06:09","guid":{"rendered":"https:\/\/balkonrandprofile.com\/?post_type=product&#038;p=2499"},"modified":"2026-02-12T23:02:43","modified_gmt":"2026-02-12T23:02:43","slug":"traufenprofile-k20r-ablaufsystem-fur-terrassen","status":"publish","type":"product","link":"https:\/\/balkonrandprofile.com\/?product=traufenprofile-k20r-ablaufsystem-fur-terrassen","title":{"rendered":"Traufenprofile K20R &#8211; Ablaufsystem f\u00fcr Terrassen"},"content":{"rendered":"<p data-start=\"53\" data-end=\"154\">Das Traufenprofil K20R ist Bestandteil eines effizienten Ablaufsystems f\u00fcr Terrassenkonstruktionen.<\/p>\n<p data-start=\"156\" data-end=\"294\">Es gew\u00e4hrleistet eine kontrollierte Ableitung von Niederschlagswasser und sch\u00fctzt den Randbereich zuverl\u00e4ssig vor Feuchtigkeitseinwirkung.<\/p>\n<p data-start=\"296\" data-end=\"449\" data-is-last-node=\"\" data-is-only-node=\"\">Konzipiert f\u00fcr den professionellen Einsatz, bietet das K20R-Profilsystem eine stabile, langlebige und funktionale L\u00f6sung f\u00fcr sichere Terrassenabschl\u00fcsse.<\/p>\n","protected":false},"excerpt":{"rendered":"<p>Das Traufenprofil K20R ist Bestandteil eines effizienten Ablaufsystems f\u00fcr Terrassenkonstruktionen. Es gew\u00e4hrleistet eine kontrollierte Ableitung von Niederschlagswasser und sch\u00fctzt den<\/p>\n","protected":false},"featured_media":2501,"comment_status":"open","ping_status":"closed","template":"","meta":[],"product_brand":[],"product_cat":[76,75],"product_tag":[],"class_list":{"0":"post-2499","1":"product","2":"type-product","3":"status-publish","4":"has-post-thumbnail","6":"product_cat-abtropf-und-randprofile","7":"product_cat-rand-und-entwasserungsprofile","9":"first","10":"instock","11":"shipping-taxable","12":"purchasable","13":"product-type-simple"},"_links":{"self":[{"href":"https:\/\/balkonrandprofile.com\/index.php?rest_route=\/wp\/v2\/product\/2499","targetHints":{"allow":["GET"]}}],"collection":[{"href":"https:\/\/balkonrandprofile.com\/index.php?rest_route=\/wp\/v2\/product"}],"about":[{"href":"https:\/\/balkonrandprofile.com\/index.php?rest_route=\/wp\/v2\/types\/product"}],"replies":[{"embeddable":true,"href":"https:\/\/balkonrandprofile.com\/index.php?rest_route=%2Fwp%2Fv2%2Fcomments&post=2499"}],"version-history":[{"count":2,"href":"https:\/\/balkonrandprofile.com\/index.php?rest_route=\/wp\/v2\/product\/2499\/revisions"}],"predecessor-version":[{"id":2831,"href":"https:\/\/balkonrandprofile.com\/index.php?rest_route=\/wp\/v2\/product\/2499\/revisions\/2831"}],"wp:featuredmedia":[{"embeddable":true,"href":"https:\/\/balkonrandprofile.com\/index.php?rest_route=\/wp\/v2\/media\/2501"}],"wp:attachment":[{"href":"https:\/\/balkonrandprofile.com\/index.php?rest_route=%2Fwp%2Fv2%2Fmedia&parent=2499"}],"wp:term":[{"taxonomy":"product_brand","embeddable":true,"href":"https:\/\/balkonrandprofile.com\/index.php?rest_route=%2Fwp%2Fv2%2Fproduct_brand&post=2499"},{"taxonomy":"product_cat","embeddable":true,"href":"https:\/\/balkonrandprofile.com\/index.php?rest_route=%2Fwp%2Fv2%2Fproduct_cat&post=2499"},{"taxonomy":"product_tag","embeddable":true,"href":"https:\/\/balkonrandprofile.com\/index.php?rest_route=%2Fwp%2Fv2%2Fproduct_tag&post=2499"}],"curies":[{"name":"wp","href":"https:\/\/api.w.org\/{rel}","templated":true}]}}