{"id":2448,"date":"2026-02-08T22:53:19","date_gmt":"2026-02-08T22:53:19","guid":{"rendered":"https:\/\/balkonrandprofile.com\/?post_type=product&#038;p=2448"},"modified":"2026-02-12T23:13:51","modified_gmt":"2026-02-12T23:13:51","slug":"dachtraufprofil-traufenprofile-w10","status":"publish","type":"product","link":"https:\/\/balkonrandprofile.com\/?product=dachtraufprofil-traufenprofile-w10","title":{"rendered":"Dachtraufprofil &#8211; Traufenprofile W10"},"content":{"rendered":"<p>Die Traufenprofile W10 sind Dachtraufprofile f\u00fcr Balkon- und Terrassenkonstruktionen mit keramischen Bel\u00e4gen im D\u00fcnnbettverfahren. Sie dienen der gezielten Ableitung von Niederschlagswasser im Randbereich und sch\u00fctzen die Abdichtungsebene vor Feuchtigkeitseinwirkung. Das Profilsystem ist auf eine technisch sichere und normgerechte Ausf\u00fchrung abgestimmt.<\/p>\n","protected":false},"excerpt":{"rendered":"<p>Die Traufenprofile W10 sind Dachtraufprofile f\u00fcr Balkon- und Terrassenkonstruktionen mit keramischen Bel\u00e4gen im D\u00fcnnbettverfahren. Sie dienen der gezielten Ableitung von<\/p>\n","protected":false},"featured_media":2450,"comment_status":"open","ping_status":"closed","template":"","meta":[],"product_brand":[],"product_cat":[76,75],"product_tag":[],"class_list":{"0":"post-2448","1":"product","2":"type-product","3":"status-publish","4":"has-post-thumbnail","6":"product_cat-abtropf-und-randprofile","7":"product_cat-rand-und-entwasserungsprofile","9":"first","10":"instock","11":"shipping-taxable","12":"purchasable","13":"product-type-simple"},"_links":{"self":[{"href":"https:\/\/balkonrandprofile.com\/index.php?rest_route=\/wp\/v2\/product\/2448","targetHints":{"allow":["GET"]}}],"collection":[{"href":"https:\/\/balkonrandprofile.com\/index.php?rest_route=\/wp\/v2\/product"}],"about":[{"href":"https:\/\/balkonrandprofile.com\/index.php?rest_route=\/wp\/v2\/types\/product"}],"replies":[{"embeddable":true,"href":"https:\/\/balkonrandprofile.com\/index.php?rest_route=%2Fwp%2Fv2%2Fcomments&post=2448"}],"version-history":[{"count":2,"href":"https:\/\/balkonrandprofile.com\/index.php?rest_route=\/wp\/v2\/product\/2448\/revisions"}],"predecessor-version":[{"id":2845,"href":"https:\/\/balkonrandprofile.com\/index.php?rest_route=\/wp\/v2\/product\/2448\/revisions\/2845"}],"wp:featuredmedia":[{"embeddable":true,"href":"https:\/\/balkonrandprofile.com\/index.php?rest_route=\/wp\/v2\/media\/2450"}],"wp:attachment":[{"href":"https:\/\/balkonrandprofile.com\/index.php?rest_route=%2Fwp%2Fv2%2Fmedia&parent=2448"}],"wp:term":[{"taxonomy":"product_brand","embeddable":true,"href":"https:\/\/balkonrandprofile.com\/index.php?rest_route=%2Fwp%2Fv2%2Fproduct_brand&post=2448"},{"taxonomy":"product_cat","embeddable":true,"href":"https:\/\/balkonrandprofile.com\/index.php?rest_route=%2Fwp%2Fv2%2Fproduct_cat&post=2448"},{"taxonomy":"product_tag","embeddable":true,"href":"https:\/\/balkonrandprofile.com\/index.php?rest_route=%2Fwp%2Fv2%2Fproduct_tag&post=2448"}],"curies":[{"name":"wp","href":"https:\/\/api.w.org\/{rel}","templated":true}]}}