{"id":2429,"date":"2026-02-08T22:42:34","date_gmt":"2026-02-08T22:42:34","guid":{"rendered":"https:\/\/balkonrandprofile.com\/?post_type=product&#038;p=2429"},"modified":"2026-02-12T23:15:23","modified_gmt":"2026-02-12T23:15:23","slug":"sockelecke","status":"publish","type":"product","link":"https:\/\/balkonrandprofile.com\/?product=sockelecke","title":{"rendered":"Sockelecke"},"content":{"rendered":"<p>Die Sockelecke ist ein vorgefertigtes Formelement zur Ausbildung von Innen- oder Au\u00dfenecken im Sockelbereich von Balkon- und Terrassenkonstruktionen. Sie erm\u00f6glicht eine pr\u00e4zise und technisch saubere Eckausf\u00fchrung in Kombination mit Sockelblenden. Das Element gew\u00e4hrleistet eine durchg\u00e4ngige und systemkonforme Verkleidung des Randbereichs.<\/p>\n","protected":false},"excerpt":{"rendered":"<p>Die Sockelecke ist ein vorgefertigtes Formelement zur Ausbildung von Innen- oder Au\u00dfenecken im Sockelbereich von Balkon- und Terrassenkonstruktionen. Sie erm\u00f6glicht<\/p>\n","protected":false},"featured_media":2431,"comment_status":"open","ping_status":"closed","template":"","meta":[],"product_brand":[],"product_cat":[89,88],"product_tag":[],"class_list":{"0":"post-2429","1":"product","2":"type-product","3":"status-publish","4":"has-post-thumbnail","6":"product_cat-ecken-verbinder","7":"product_cat-verbinder-zubehor","9":"first","10":"instock","11":"shipping-taxable","12":"purchasable","13":"product-type-simple"},"_links":{"self":[{"href":"https:\/\/balkonrandprofile.com\/index.php?rest_route=\/wp\/v2\/product\/2429","targetHints":{"allow":["GET"]}}],"collection":[{"href":"https:\/\/balkonrandprofile.com\/index.php?rest_route=\/wp\/v2\/product"}],"about":[{"href":"https:\/\/balkonrandprofile.com\/index.php?rest_route=\/wp\/v2\/types\/product"}],"replies":[{"embeddable":true,"href":"https:\/\/balkonrandprofile.com\/index.php?rest_route=%2Fwp%2Fv2%2Fcomments&post=2429"}],"version-history":[{"count":2,"href":"https:\/\/balkonrandprofile.com\/index.php?rest_route=\/wp\/v2\/product\/2429\/revisions"}],"predecessor-version":[{"id":2849,"href":"https:\/\/balkonrandprofile.com\/index.php?rest_route=\/wp\/v2\/product\/2429\/revisions\/2849"}],"wp:featuredmedia":[{"embeddable":true,"href":"https:\/\/balkonrandprofile.com\/index.php?rest_route=\/wp\/v2\/media\/2431"}],"wp:attachment":[{"href":"https:\/\/balkonrandprofile.com\/index.php?rest_route=%2Fwp%2Fv2%2Fmedia&parent=2429"}],"wp:term":[{"taxonomy":"product_brand","embeddable":true,"href":"https:\/\/balkonrandprofile.com\/index.php?rest_route=%2Fwp%2Fv2%2Fproduct_brand&post=2429"},{"taxonomy":"product_cat","embeddable":true,"href":"https:\/\/balkonrandprofile.com\/index.php?rest_route=%2Fwp%2Fv2%2Fproduct_cat&post=2429"},{"taxonomy":"product_tag","embeddable":true,"href":"https:\/\/balkonrandprofile.com\/index.php?rest_route=%2Fwp%2Fv2%2Fproduct_tag&post=2429"}],"curies":[{"name":"wp","href":"https:\/\/api.w.org\/{rel}","templated":true}]}}