{"id":2316,"date":"2026-02-08T22:05:17","date_gmt":"2026-02-08T22:05:17","guid":{"rendered":"https:\/\/balkonrandprofile.com\/?post_type=product&#038;p=2316"},"modified":"2026-02-12T23:26:07","modified_gmt":"2026-02-12T23:26:07","slug":"abdichtband-clever","status":"publish","type":"product","link":"https:\/\/balkonrandprofile.com\/?product=abdichtband-clever","title":{"rendered":"Abdichtband CLEVER"},"content":{"rendered":"<p>Das Abdichtband CLEVER ist ein flexibles Dichtungsband zur sicheren Abdichtung von Anschluss- und \u00dcbergangsbereichen in Balkon- und Terrassenkonstruktionen. Es dient der \u00dcberbr\u00fcckung von Bewegungsfugen sowie der Einbindung in fl\u00fcssig aufzubringende oder bahnenf\u00f6rmige Abdichtungssysteme. Das Band unterst\u00fctzt eine dauerhaft dichte und systemkonforme Ausf\u00fchrung der Abdichtungsebene.<\/p>\n","protected":false},"excerpt":{"rendered":"<p>Das Abdichtband CLEVER ist ein flexibles Dichtungsband zur sicheren Abdichtung von Anschluss- und \u00dcbergangsbereichen in Balkon- und Terrassenkonstruktionen. Es dient<\/p>\n","protected":false},"featured_media":2317,"comment_status":"open","ping_status":"closed","template":"","meta":[],"product_brand":[],"product_cat":[83,86],"product_tag":[],"class_list":{"0":"post-2316","1":"product","2":"type-product","3":"status-publish","4":"has-post-thumbnail","6":"product_cat-abdichtung-entwasserung","7":"product_cat-dichtbander-formteile","9":"first","10":"instock","11":"shipping-taxable","12":"purchasable","13":"product-type-simple"},"_links":{"self":[{"href":"https:\/\/balkonrandprofile.com\/index.php?rest_route=\/wp\/v2\/product\/2316","targetHints":{"allow":["GET"]}}],"collection":[{"href":"https:\/\/balkonrandprofile.com\/index.php?rest_route=\/wp\/v2\/product"}],"about":[{"href":"https:\/\/balkonrandprofile.com\/index.php?rest_route=\/wp\/v2\/types\/product"}],"replies":[{"embeddable":true,"href":"https:\/\/balkonrandprofile.com\/index.php?rest_route=%2Fwp%2Fv2%2Fcomments&post=2316"}],"version-history":[{"count":2,"href":"https:\/\/balkonrandprofile.com\/index.php?rest_route=\/wp\/v2\/product\/2316\/revisions"}],"predecessor-version":[{"id":2884,"href":"https:\/\/balkonrandprofile.com\/index.php?rest_route=\/wp\/v2\/product\/2316\/revisions\/2884"}],"wp:featuredmedia":[{"embeddable":true,"href":"https:\/\/balkonrandprofile.com\/index.php?rest_route=\/wp\/v2\/media\/2317"}],"wp:attachment":[{"href":"https:\/\/balkonrandprofile.com\/index.php?rest_route=%2Fwp%2Fv2%2Fmedia&parent=2316"}],"wp:term":[{"taxonomy":"product_brand","embeddable":true,"href":"https:\/\/balkonrandprofile.com\/index.php?rest_route=%2Fwp%2Fv2%2Fproduct_brand&post=2316"},{"taxonomy":"product_cat","embeddable":true,"href":"https:\/\/balkonrandprofile.com\/index.php?rest_route=%2Fwp%2Fv2%2Fproduct_cat&post=2316"},{"taxonomy":"product_tag","embeddable":true,"href":"https:\/\/balkonrandprofile.com\/index.php?rest_route=%2Fwp%2Fv2%2Fproduct_tag&post=2316"}],"curies":[{"name":"wp","href":"https:\/\/api.w.org\/{rel}","templated":true}]}}