{"id":2171,"date":"2026-02-08T00:59:00","date_gmt":"2026-02-08T00:59:00","guid":{"rendered":"https:\/\/balkonrandprofile.com\/?post_type=product&#038;p=2171"},"modified":"2026-02-12T23:35:22","modified_gmt":"2026-02-12T23:35:22","slug":"nivellierrolle-1-mm-10-stuck","status":"publish","type":"product","link":"https:\/\/balkonrandprofile.com\/?product=nivellierrolle-1-mm-10-stuck","title":{"rendered":"Nivellierrolle 1 mm 10 St\u00fcck."},"content":{"rendered":"<div class=\"text-base my-auto mx-auto [--thread-content-margin:--spacing(4)] @w-sm\/main:[--thread-content-margin:--spacing(6)] @w-lg\/main:[--thread-content-margin:--spacing(16)] px-(--thread-content-margin)\">\n<div class=\"[--thread-content-max-width:40rem] @w-lg\/main:[--thread-content-max-width:48rem] mx-auto max-w-(--thread-content-max-width) flex-1 group\/turn-messages focus-visible:outline-hidden relative flex w-full min-w-0 flex-col agent-turn\" tabindex=\"-1\">\n<div class=\"flex max-w-full flex-col grow\">\n<div class=\"min-h-8 text-message relative flex w-full flex-col items-end gap-2 text-start break-words whitespace-normal [.text-message+&amp;]:mt-1\" dir=\"auto\" data-message-author-role=\"assistant\" data-message-id=\"033c3630-8fba-468c-85c2-02e6aec1834f\" data-message-model-slug=\"gpt-5-2-instant\">\n<div class=\"flex w-full flex-col gap-1 empty:hidden first:pt-[1px]\">\n<div class=\"markdown prose dark:prose-invert w-full wrap-break-word light markdown-new-styling\">\n<p data-start=\"35\" data-end=\"378\" data-is-last-node=\"\" data-is-only-node=\"\">Die Nivellierrolle 1 mm dient dem fein abgestimmten H\u00f6henausgleich bei der Verlegung von Plattenbel\u00e4gen auf Terrassen- und Balkonkonstruktionen. Sie erm\u00f6glicht eine pr\u00e4zise Justierung im Unterkonstruktionsbereich und unterst\u00fctzt eine ebene, spannungsfreie Ausf\u00fchrung. Die Lieferung erfolgt als Set mit 10 St\u00fcck f\u00fcr den professionellen Einsatz.<\/p>\n<\/div>\n<\/div>\n<\/div>\n<\/div>\n<div class=\"z-0 flex min-h-[46px] justify-start\"><\/div>\n<\/div>\n<\/div>\n","protected":false},"excerpt":{"rendered":"<p>Die Nivellierrolle 1 mm dient dem fein abgestimmten H\u00f6henausgleich bei der Verlegung von Plattenbel\u00e4gen auf Terrassen- und Balkonkonstruktionen. Sie erm\u00f6glicht<\/p>\n","protected":false},"featured_media":2172,"comment_status":"open","ping_status":"closed","template":"","meta":[],"product_brand":[],"product_cat":[27],"product_tag":[],"class_list":{"0":"post-2171","1":"product","2":"type-product","3":"status-publish","4":"has-post-thumbnail","6":"product_cat-accessories","8":"first","9":"instock","10":"shipping-taxable","11":"purchasable","12":"product-type-simple"},"_links":{"self":[{"href":"https:\/\/balkonrandprofile.com\/index.php?rest_route=\/wp\/v2\/product\/2171","targetHints":{"allow":["GET"]}}],"collection":[{"href":"https:\/\/balkonrandprofile.com\/index.php?rest_route=\/wp\/v2\/product"}],"about":[{"href":"https:\/\/balkonrandprofile.com\/index.php?rest_route=\/wp\/v2\/types\/product"}],"replies":[{"embeddable":true,"href":"https:\/\/balkonrandprofile.com\/index.php?rest_route=%2Fwp%2Fv2%2Fcomments&post=2171"}],"version-history":[{"count":2,"href":"https:\/\/balkonrandprofile.com\/index.php?rest_route=\/wp\/v2\/product\/2171\/revisions"}],"predecessor-version":[{"id":2906,"href":"https:\/\/balkonrandprofile.com\/index.php?rest_route=\/wp\/v2\/product\/2171\/revisions\/2906"}],"wp:featuredmedia":[{"embeddable":true,"href":"https:\/\/balkonrandprofile.com\/index.php?rest_route=\/wp\/v2\/media\/2172"}],"wp:attachment":[{"href":"https:\/\/balkonrandprofile.com\/index.php?rest_route=%2Fwp%2Fv2%2Fmedia&parent=2171"}],"wp:term":[{"taxonomy":"product_brand","embeddable":true,"href":"https:\/\/balkonrandprofile.com\/index.php?rest_route=%2Fwp%2Fv2%2Fproduct_brand&post=2171"},{"taxonomy":"product_cat","embeddable":true,"href":"https:\/\/balkonrandprofile.com\/index.php?rest_route=%2Fwp%2Fv2%2Fproduct_cat&post=2171"},{"taxonomy":"product_tag","embeddable":true,"href":"https:\/\/balkonrandprofile.com\/index.php?rest_route=%2Fwp%2Fv2%2Fproduct_tag&post=2171"}],"curies":[{"name":"wp","href":"https:\/\/api.w.org\/{rel}","templated":true}]}}