{"id":2155,"date":"2026-02-08T00:51:59","date_gmt":"2026-02-08T00:51:59","guid":{"rendered":"https:\/\/balkonrandprofile.com\/?post_type=product&#038;p=2155"},"modified":"2026-02-12T23:37:34","modified_gmt":"2026-02-12T23:37:34","slug":"unterlagen-smart-12-mm-10-stuck","status":"publish","type":"product","link":"https:\/\/balkonrandprofile.com\/?product=unterlagen-smart-12-mm-10-stuck","title":{"rendered":"Unterlagen SMART 12 mm &#8211; 10 St\u00fcck"},"content":{"rendered":"<div class=\"text-base my-auto mx-auto [--thread-content-margin:--spacing(4)] @w-sm\/main:[--thread-content-margin:--spacing(6)] @w-lg\/main:[--thread-content-margin:--spacing(16)] px-(--thread-content-margin)\">\n<div class=\"[--thread-content-max-width:40rem] @w-lg\/main:[--thread-content-max-width:48rem] mx-auto max-w-(--thread-content-max-width) flex-1 group\/turn-messages focus-visible:outline-hidden relative flex w-full min-w-0 flex-col agent-turn\" tabindex=\"-1\">\n<div class=\"flex max-w-full flex-col grow\">\n<div class=\"min-h-8 text-message relative flex w-full flex-col items-end gap-2 text-start break-words whitespace-normal [.text-message+&amp;]:mt-1\" dir=\"auto\" data-message-author-role=\"assistant\" data-message-id=\"cce83eed-c25b-4b02-9f2e-2f630338e697\" data-message-model-slug=\"gpt-5-2-instant\">\n<div class=\"flex w-full flex-col gap-1 empty:hidden first:pt-[1px]\">\n<div class=\"markdown prose dark:prose-invert w-full wrap-break-word light markdown-new-styling\">\n<p data-start=\"38\" data-end=\"366\" data-is-last-node=\"\" data-is-only-node=\"\">Die Unterlagen SMART 12 mm sind feste Tragelemente f\u00fcr Terrassenkonstruktionen mit Platten- oder Dielenbel\u00e4gen. Sie dienen dem definierten H\u00f6henausgleich bei niedrigen Aufbauh\u00f6hen und erm\u00f6glichen eine stabile Lastabtragung im Unterkonstruktionsbereich. Die Lieferung erfolgt als Set mit 10 St\u00fcck f\u00fcr den professionellen Einsatz.<\/p>\n<\/div>\n<\/div>\n<\/div>\n<\/div>\n<div class=\"z-0 flex min-h-[46px] justify-start\"><\/div>\n<\/div>\n<\/div>\n","protected":false},"excerpt":{"rendered":"<p>Die Unterlagen SMART 12 mm sind feste Tragelemente f\u00fcr Terrassenkonstruktionen mit Platten- oder Dielenbel\u00e4gen. Sie dienen dem definierten H\u00f6henausgleich bei<\/p>\n","protected":false},"featured_media":2158,"comment_status":"open","ping_status":"closed","template":"","meta":[],"product_brand":[],"product_cat":[96,93],"product_tag":[],"class_list":{"0":"post-2155","1":"product","2":"type-product","3":"status-publish","4":"has-post-thumbnail","6":"product_cat-schutz-und-trennlagen","7":"product_cat-zusatz-montagematerialien","9":"first","10":"instock","11":"shipping-taxable","12":"purchasable","13":"product-type-simple"},"_links":{"self":[{"href":"https:\/\/balkonrandprofile.com\/index.php?rest_route=\/wp\/v2\/product\/2155","targetHints":{"allow":["GET"]}}],"collection":[{"href":"https:\/\/balkonrandprofile.com\/index.php?rest_route=\/wp\/v2\/product"}],"about":[{"href":"https:\/\/balkonrandprofile.com\/index.php?rest_route=\/wp\/v2\/types\/product"}],"replies":[{"embeddable":true,"href":"https:\/\/balkonrandprofile.com\/index.php?rest_route=%2Fwp%2Fv2%2Fcomments&post=2155"}],"version-history":[{"count":2,"href":"https:\/\/balkonrandprofile.com\/index.php?rest_route=\/wp\/v2\/product\/2155\/revisions"}],"predecessor-version":[{"id":2911,"href":"https:\/\/balkonrandprofile.com\/index.php?rest_route=\/wp\/v2\/product\/2155\/revisions\/2911"}],"wp:featuredmedia":[{"embeddable":true,"href":"https:\/\/balkonrandprofile.com\/index.php?rest_route=\/wp\/v2\/media\/2158"}],"wp:attachment":[{"href":"https:\/\/balkonrandprofile.com\/index.php?rest_route=%2Fwp%2Fv2%2Fmedia&parent=2155"}],"wp:term":[{"taxonomy":"product_brand","embeddable":true,"href":"https:\/\/balkonrandprofile.com\/index.php?rest_route=%2Fwp%2Fv2%2Fproduct_brand&post=2155"},{"taxonomy":"product_cat","embeddable":true,"href":"https:\/\/balkonrandprofile.com\/index.php?rest_route=%2Fwp%2Fv2%2Fproduct_cat&post=2155"},{"taxonomy":"product_tag","embeddable":true,"href":"https:\/\/balkonrandprofile.com\/index.php?rest_route=%2Fwp%2Fv2%2Fproduct_tag&post=2155"}],"curies":[{"name":"wp","href":"https:\/\/api.w.org\/{rel}","templated":true}]}}