{"id":1869,"date":"2026-02-07T22:37:38","date_gmt":"2026-02-07T22:37:38","guid":{"rendered":"https:\/\/balkonrandprofile.com\/?post_type=product&#038;p=1869"},"modified":"2026-02-16T21:43:56","modified_gmt":"2026-02-16T21:43:56","slug":"ausenecke-135-nz-100-135","status":"publish","type":"product","link":"https:\/\/balkonrandprofile.com\/?product=ausenecke-135-nz-100-135","title":{"rendered":"Au\u00dfenecke 135\u00b0 &#8211; Nz 100\/135"},"content":{"rendered":"<p data-start=\"31\" data-end=\"297\">Die Au\u00dfenecke Nz100\/135 ist ein vorgefertigtes Aluminium-Eckelement f\u00fcr das Profilsystem K100 zur Ausbildung von 135\u00b0-Au\u00dfenwinkeln bei Balkon- und Terrassenkonstruktionen. Sie gew\u00e4hrleistet eine passgenaue und systemgerechte Verbindung der Randprofile im Eckbereich.<\/p>\n<p data-start=\"299\" data-end=\"493\" data-is-last-node=\"\" data-is-only-node=\"\">Das Bauteil unterst\u00fctzt eine durchg\u00e4ngige Profilf\u00fchrung sowie eine kontrollierte Wasserableitung im Randabschluss und ist korrosionsgesch\u00fctzt sowie farblich auf das K100-Profilsystem abgestimmt.<\/p>\n","protected":false},"excerpt":{"rendered":"<p>Die Au\u00dfenecke Nz100\/135 ist ein vorgefertigtes Aluminium-Eckelement f\u00fcr das Profilsystem K100 zur Ausbildung von 135\u00b0-Au\u00dfenwinkeln bei Balkon- und Terrassenkonstruktionen. Sie<\/p>\n","protected":false},"featured_media":2734,"comment_status":"open","ping_status":"closed","template":"","meta":[],"product_brand":[],"product_cat":[89,88],"product_tag":[],"class_list":{"0":"post-1869","1":"product","2":"type-product","3":"status-publish","4":"has-post-thumbnail","6":"product_cat-ecken-verbinder","7":"product_cat-verbinder-zubehor","9":"first","10":"instock","11":"shipping-taxable","12":"purchasable","13":"product-type-simple"},"_links":{"self":[{"href":"https:\/\/balkonrandprofile.com\/index.php?rest_route=\/wp\/v2\/product\/1869","targetHints":{"allow":["GET"]}}],"collection":[{"href":"https:\/\/balkonrandprofile.com\/index.php?rest_route=\/wp\/v2\/product"}],"about":[{"href":"https:\/\/balkonrandprofile.com\/index.php?rest_route=\/wp\/v2\/types\/product"}],"replies":[{"embeddable":true,"href":"https:\/\/balkonrandprofile.com\/index.php?rest_route=%2Fwp%2Fv2%2Fcomments&post=1869"}],"version-history":[{"count":2,"href":"https:\/\/balkonrandprofile.com\/index.php?rest_route=\/wp\/v2\/product\/1869\/revisions"}],"predecessor-version":[{"id":2986,"href":"https:\/\/balkonrandprofile.com\/index.php?rest_route=\/wp\/v2\/product\/1869\/revisions\/2986"}],"wp:featuredmedia":[{"embeddable":true,"href":"https:\/\/balkonrandprofile.com\/index.php?rest_route=\/wp\/v2\/media\/2734"}],"wp:attachment":[{"href":"https:\/\/balkonrandprofile.com\/index.php?rest_route=%2Fwp%2Fv2%2Fmedia&parent=1869"}],"wp:term":[{"taxonomy":"product_brand","embeddable":true,"href":"https:\/\/balkonrandprofile.com\/index.php?rest_route=%2Fwp%2Fv2%2Fproduct_brand&post=1869"},{"taxonomy":"product_cat","embeddable":true,"href":"https:\/\/balkonrandprofile.com\/index.php?rest_route=%2Fwp%2Fv2%2Fproduct_cat&post=1869"},{"taxonomy":"product_tag","embeddable":true,"href":"https:\/\/balkonrandprofile.com\/index.php?rest_route=%2Fwp%2Fv2%2Fproduct_tag&post=1869"}],"curies":[{"name":"wp","href":"https:\/\/api.w.org\/{rel}","templated":true}]}}