{"id":31,"date":"2023-04-20T11:47:35","date_gmt":"2023-04-20T11:47:35","guid":{"rendered":"https:\/\/dummy.xtemos.com\/woodmart2\/furniture2-elementor\/?page_id=31"},"modified":"2026-02-07T18:36:43","modified_gmt":"2026-02-07T18:36:43","slug":"about-us","status":"publish","type":"page","link":"https:\/\/balkonrandprofile.com\/?page_id=31","title":{"rendered":"About us"},"content":{"rendered":"\t\t<div data-elementor-type=\"wp-page\" data-elementor-id=\"31\" class=\"elementor elementor-31\">\n\t\t\t\t<div class=\"elementor-element elementor-element-a5a1fda e-con-full e-flex e-con e-parent\" data-id=\"a5a1fda\" data-element_type=\"container\" data-e-type=\"container\">\n\t\t<div class=\"elementor-element elementor-element-f68e6d0 e-con-full e-flex e-con e-child\" data-id=\"f68e6d0\" data-element_type=\"container\" data-e-type=\"container\">\n\t\t\t\t<div class=\"elementor-element elementor-element-09d2066 elementor-widget elementor-widget-heading\" data-id=\"09d2066\" data-element_type=\"widget\" data-e-type=\"widget\" data-widget_type=\"heading.default\">\n\t\t\t\t\t<h2 class=\"elementor-heading-title elementor-size-default\">Unsere Mission<\/h2>\t\t\t\t<\/div>\n\t\t\t\t<div class=\"elementor-element elementor-element-b161521 elementor-widget-divider--view-line elementor-widget elementor-widget-divider\" data-id=\"b161521\" data-element_type=\"widget\" data-e-type=\"widget\" data-widget_type=\"divider.default\">\n\t\t\t\t\t\t\t<div class=\"elementor-divider\">\n\t\t\t<span class=\"elementor-divider-separator\">\n\t\t\t\t\t\t<\/span>\n\t\t<\/div>\n\t\t\t\t\t\t<\/div>\n\t\t\t\t<div class=\"elementor-element elementor-element-0192265 elementor-widget elementor-widget-wd_text_block\" data-id=\"0192265\" data-element_type=\"widget\" data-e-type=\"widget\" data-widget_type=\"wd_text_block.default\">\n\t\t\t\t<div class=\"elementor-widget-container\">\n\t\t\t\t\t\t\t\t<link rel=\"stylesheet\" id=\"wd-text-block-css\" href=\"https:\/\/balkonrandprofile.com\/wp-content\/themes\/woodmart\/css\/parts\/el-text-block.min.css?ver=7.5.0\" type=\"text\/css\" media=\"all\" \/> \t\t\t\t\t<div class=\"wd-text-block reset-last-child text-left\">\n\t\t\t\n\t\t\t<p data-start=\"227\" data-end=\"406\">Unsere Mission ist es, durchdachte Bausysteme zu entwickeln, die jedem Projekt Sicherheit geben \u2013 auch dort, wo Details nicht sichtbar sind, deren Wirkung jedoch entscheidend ist.<\/p><p data-start=\"408\" data-end=\"687\">Wir sind \u00fcberzeugt, dass die Qualit\u00e4t eines Balkons oder einer Terrasse nicht nur an der Optik gemessen wird, sondern an der langfristigen Funktionalit\u00e4t. Deshalb entwickeln wir L\u00f6sungen, die technische Pr\u00e4zision, Funktionalit\u00e4t und eine saubere Ausf\u00fchrung miteinander verbinden.<\/p>\n\t\t\t\t\t<\/div>\n\t\t\t\t\t\t<\/div>\n\t\t\t\t<\/div>\n\t\t\t\t<\/div>\n\t\t<div class=\"elementor-element elementor-element-4330186 e-con-full e-flex e-con e-child\" data-id=\"4330186\" data-element_type=\"container\" data-e-type=\"container\">\n\t\t\t\t<div class=\"elementor-element elementor-element-01e0458 wd-width-100 elementor-widget elementor-widget-wd_video\" data-id=\"01e0458\" data-element_type=\"widget\" data-e-type=\"widget\" data-widget_type=\"wd_video.default\">\n\t\t\t\t<div class=\"elementor-widget-container\">\n\t\t\t\t\t\t\t\t<link rel=\"stylesheet\" id=\"wd-el-video-css\" href=\"https:\/\/balkonrandprofile.com\/wp-content\/themes\/woodmart\/css\/parts\/el-video.min.css?ver=7.5.0\" type=\"text\/css\" media=\"all\" \/> \t\t\t\n\t\t<div class=\"wd-el-video wd-action-without wd-video-hosted\">\n\t\t\t\t\t\t\t<video src=\"https:\/\/balkonrandprofile.com\/wp-content\/uploads\/2026\/02\/1.mp4\" playsinline loop muted autoplay><\/video>\t\t\t\n\t\t\t\n\t\t\t\n\t\t\t\t\t<\/div>\n\t\t\t\t\t\t<\/div>\n\t\t\t\t<\/div>\n\t\t\t\t<\/div>\n\t\t\t\t<\/div>\n\t\t<div class=\"elementor-element elementor-element-43bbe8e wd-collapsible-content e-flex e-con-boxed e-con e-parent\" data-id=\"43bbe8e\" data-element_type=\"container\" data-e-type=\"container\">\n\t\t\t\t\t<div class=\"e-con-inner\">\n\t\t\t\t<div class=\"elementor-element elementor-element-cf18f75 elementor-widget elementor-widget-wd_button\" data-id=\"cf18f75\" data-element_type=\"widget\" data-e-type=\"widget\" data-widget_type=\"wd_button.default\">\n\t\t\t\t<div class=\"elementor-widget-container\">\n\t\t\t\t\t\t\t<div class=\"wd-button-wrapper text-left wd-collapsible-button\" >\n\t\t\t<a class=\"btn btn-style-link btn-style- btn-size-default btn-color-primary btn-icon-pos-right\"  href=\"#\">\n\t\t\t\t<span class=\"wd-btn-text\" data-elementor-setting-key=\"text\">\n\t\t\t\t\tRead More\t\t\t\t<\/span>\n\n\t\t\t\t\t\t\t<\/a>\n\t\t<\/div>\n\t\t\t\t\t\t<\/div>\n\t\t\t\t<\/div>\n\t\t\t\t\t<\/div>\n\t\t\t\t<\/div>\n\t\t<div class=\"elementor-element elementor-element-a955ab0 e-con-full e-flex e-con e-parent\" data-id=\"a955ab0\" data-element_type=\"container\" data-e-type=\"container\">\n\t\t<div class=\"elementor-element elementor-element-fa2766e e-con-full e-flex e-con e-child\" data-id=\"fa2766e\" data-element_type=\"container\" data-e-type=\"container\">\n\t\t\t\t<div class=\"elementor-element elementor-element-bcc67c7 elementor-widget elementor-widget-heading\" data-id=\"bcc67c7\" data-element_type=\"widget\" data-e-type=\"widget\" data-widget_type=\"heading.default\">\n\t\t\t\t\t<h2 class=\"elementor-heading-title elementor-size-default\">Unser Anspruch<\/h2>\t\t\t\t<\/div>\n\t\t\t\t<div class=\"elementor-element elementor-element-5722b1b elementor-widget-divider--view-line elementor-widget elementor-widget-divider\" data-id=\"5722b1b\" data-element_type=\"widget\" data-e-type=\"widget\" data-widget_type=\"divider.default\">\n\t\t\t\t\t\t\t<div class=\"elementor-divider\">\n\t\t\t<span class=\"elementor-divider-separator\">\n\t\t\t\t\t\t<\/span>\n\t\t<\/div>\n\t\t\t\t\t\t<\/div>\n\t\t\t\t<div class=\"elementor-element elementor-element-81b670f elementor-widget elementor-widget-wd_text_block\" data-id=\"81b670f\" data-element_type=\"widget\" data-e-type=\"widget\" data-widget_type=\"wd_text_block.default\">\n\t\t\t\t<div class=\"elementor-widget-container\">\n\t\t\t\t\t\t\t<div class=\"wd-text-block reset-last-child text-left\">\n\t\t\t\n\t\t\t<p data-start=\"175\" data-end=\"483\">Wir entwickeln unsere L\u00f6sungen kontinuierlich weiter, indem wir technisches Know-how, Praxiserfahrung und aktuelle Anforderungen aus realen Bauprojekten miteinander verbinden. Dabei orientieren wir uns konsequent an hohen technischen Standards und an den Bed\u00fcrfnissen von Planern, Verarbeitern und Bauherren.<\/p><p data-start=\"485\" data-end=\"758\">Unser Anspruch ist es, Systeme zu schaffen, die im Alltag \u00fcberzeugen \u2013 durch Zuverl\u00e4ssigkeit, einfache Verarbeitung und eine dauerhaft sichere Funktion. Jedes Detail wird so konzipiert, dass es nahtlos in das Gesamtsystem integriert werden kann und langfristig Bestand hat.<\/p>\n\t\t\t\t\t<\/div>\n\t\t\t\t\t\t<\/div>\n\t\t\t\t<\/div>\n\t\t\t\t<\/div>\n\t\t<div class=\"elementor-element elementor-element-9d628c9 e-con-full e-flex e-con e-child\" data-id=\"9d628c9\" data-element_type=\"container\" data-e-type=\"container\">\n\t\t\t\t<div class=\"elementor-element elementor-element-899d905 elementor-widget elementor-widget-heading\" data-id=\"899d905\" data-element_type=\"widget\" data-e-type=\"widget\" data-widget_type=\"heading.default\">\n\t\t\t\t\t<h2 class=\"elementor-heading-title elementor-size-default\">Praxisorientiert statt theoretisch<\/h2>\t\t\t\t<\/div>\n\t\t\t\t<div class=\"elementor-element elementor-element-2ebd8e7 elementor-widget-divider--view-line elementor-widget elementor-widget-divider\" data-id=\"2ebd8e7\" data-element_type=\"widget\" data-e-type=\"widget\" data-widget_type=\"divider.default\">\n\t\t\t\t\t\t\t<div class=\"elementor-divider\">\n\t\t\t<span class=\"elementor-divider-separator\">\n\t\t\t\t\t\t<\/span>\n\t\t<\/div>\n\t\t\t\t\t\t<\/div>\n\t\t\t\t<div class=\"elementor-element elementor-element-e63edf3 elementor-widget elementor-widget-wd_text_block\" data-id=\"e63edf3\" data-element_type=\"widget\" data-e-type=\"widget\" data-widget_type=\"wd_text_block.default\">\n\t\t\t\t<div class=\"elementor-widget-container\">\n\t\t\t\t\t\t\t<div class=\"wd-text-block reset-last-child text-left\">\n\t\t\t\n\t\t\t<p data-start=\"734\" data-end=\"896\">Jedes System, das wir entwickeln, ist f\u00fcr den realen Einsatz auf der Baustelle konzipiert.<br data-start=\"824\" data-end=\"827\" \/>Unsere Mission ist es, Bauprozesse zu vereinfachen, indem wir bieten:<\/p><ul data-start=\"898\" data-end=\"1054\"><li data-start=\"898\" data-end=\"933\"><p data-start=\"900\" data-end=\"933\">klare und zuverl\u00e4ssige L\u00f6sungen<\/p><\/li><li data-start=\"934\" data-end=\"964\"><p data-start=\"936\" data-end=\"964\">montagefreundliche Systeme<\/p><\/li><li data-start=\"965\" data-end=\"1006\"><p data-start=\"967\" data-end=\"1006\">hohe Kompatibilit\u00e4t aller Komponenten<\/p><\/li><li data-start=\"1007\" data-end=\"1054\"><p data-start=\"1009\" data-end=\"1054\">technische Sicherheit in jeder Projektphase<\/p><\/li><\/ul><p data-start=\"1056\" data-end=\"1127\">So k\u00f6nnen Profis effizient arbeiten \u2013 mit maximaler Planungssicherheit.<\/p>\n\t\t\t\t\t<\/div>\n\t\t\t\t\t\t<\/div>\n\t\t\t\t<\/div>\n\t\t\t\t<\/div>\n\t\t\t\t<\/div>\n\t\t\t\t<\/div>\n\t\t","protected":false},"excerpt":{"rendered":"<p>Unsere Mission Unsere Mission ist es, durchdachte Bausysteme zu entwickeln, die jedem Projekt Sicherheit geben \u2013 auch dort, wo Details<\/p>\n","protected":false},"author":1,"featured_media":0,"parent":0,"menu_order":0,"comment_status":"closed","ping_status":"closed","template":"","meta":{"footnotes":""},"class_list":["post-31","page","type-page","status-publish","hentry"],"_links":{"self":[{"href":"https:\/\/balkonrandprofile.com\/index.php?rest_route=\/wp\/v2\/pages\/31","targetHints":{"allow":["GET"]}}],"collection":[{"href":"https:\/\/balkonrandprofile.com\/index.php?rest_route=\/wp\/v2\/pages"}],"about":[{"href":"https:\/\/balkonrandprofile.com\/index.php?rest_route=\/wp\/v2\/types\/page"}],"author":[{"embeddable":true,"href":"https:\/\/balkonrandprofile.com\/index.php?rest_route=\/wp\/v2\/users\/1"}],"replies":[{"embeddable":true,"href":"https:\/\/balkonrandprofile.com\/index.php?rest_route=%2Fwp%2Fv2%2Fcomments&post=31"}],"version-history":[{"count":5,"href":"https:\/\/balkonrandprofile.com\/index.php?rest_route=\/wp\/v2\/pages\/31\/revisions"}],"predecessor-version":[{"id":1694,"href":"https:\/\/balkonrandprofile.com\/index.php?rest_route=\/wp\/v2\/pages\/31\/revisions\/1694"}],"wp:attachment":[{"href":"https:\/\/balkonrandprofile.com\/index.php?rest_route=%2Fwp%2Fv2%2Fmedia&parent=31"}],"curies":[{"name":"wp","href":"https:\/\/api.w.org\/{rel}","templated":true}]}}