{"id":3,"date":"2026-01-31T23:20:20","date_gmt":"2026-01-31T23:20:20","guid":{"rendered":"https:\/\/balkonrandprofile.com\/?page_id=3"},"modified":"2026-03-08T02:15:54","modified_gmt":"2026-03-08T02:15:54","slug":"privacy-policy","status":"publish","type":"page","link":"https:\/\/balkonrandprofile.com\/?page_id=3","title":{"rendered":"Privacy Policy"},"content":{"rendered":"\t\t<div data-elementor-type=\"wp-page\" data-elementor-id=\"3\" class=\"elementor elementor-3\">\n\t\t\t\t<div class=\"elementor-element elementor-element-5350672b e-con-full e-flex e-con e-parent\" data-id=\"5350672b\" data-element_type=\"container\" data-e-type=\"container\">\n\t\t\t\t<div class=\"elementor-element elementor-element-50bda1ea color-scheme-inherit text-left elementor-widget elementor-widget-text-editor\" data-id=\"50bda1ea\" data-element_type=\"widget\" data-e-type=\"widget\" data-widget_type=\"text-editor.default\">\n\t\t\t\t\t\t\t\t\t<div class=\"rte\">\n<h3><span style=\"color: #000000;\"><strong>Datenschutzerkl\u00e4rung<\/strong><\/span><\/h3>\n<p><br \/>Grundlegendes<br \/>Diese Datenschutzerkl\u00e4rung soll die Nutzer dieser Website \u00fcber die Art, den Umfang und den<br \/>Zweck der Erhebung und Verwendung personenbezogener Daten durch den Websitebetreiber<br \/>Balkonrandprofile Westermayr<br \/>Bernhard Westermayr<br \/>Almweg 38<br \/>D-85464 Finsing<br \/>informieren.<\/p>\n<p><br \/>Der Websitebetreiber nimmt Ihren Datenschutz sehr ernst und behandelt Ihre personenbezogenen<br \/>Daten vertraulich und entsprechend der gesetzlichen Vorschriften. Da durch neue Technologien<br \/>und die st\u00e4ndige Weiterentwicklung dieser Webseite \u00c4nderungen an dieser Datenschutzerkl\u00e4rung<br \/>vorgenommen werden k\u00f6nnen, empfehlen wir Ihnen sich die Datenschutzerkl\u00e4rung in<br \/>regelm\u00e4\u00dfigen Abst\u00e4nden wieder durchzulesen.<br \/>Definitionen der verwendeten Begriffe (z.B. \u201cpersonenbezogene Daten\u201d oder \u201cVerarbeitung\u201d) finden<br \/>Sie in Art. 4 DSGVO.<\/p>\n<p><br \/>Zugriffsdaten<br \/>Wir, der Websitebetreiber bzw. Seitenprovider, erheben aufgrund unseres berechtigten Interesses<br \/>(s. Art. 6 Abs. 1 lit. f. DSGVO) Daten \u00fcber Zugriffe auf die Website und speichern diese als<br \/>\u201eServer-Logfiles\u201c auf dem Server der Website ab. Folgende Daten werden so protokolliert:<br \/>&#8211; Besuchte Website<br \/>&#8211; Uhrzeit zum Zeitpunkt des Zugriffes<br \/>&#8211; Menge der gesendeten Daten in Byte<br \/>&#8211; Quelle\/Verweis, von welchem Sie auf die Seite gelangten<br \/>&#8211; Verwendeter Browser<br \/>&#8211; Verwendetes Betriebssystem<br \/>&#8211; Verwendete IP-Adresse<\/p>\n<p><br \/>Die Server-Logfiles werden f\u00fcr maximal 7 Tage gespeichert und anschlie\u00dfend gel\u00f6scht. Die<br \/>Speicherung der Daten erfolgt aus Sicherheitsgr\u00fcnden, um z. B. Missbrauchsf\u00e4lle aufkl\u00e4ren zu<br \/>k\u00f6nnen. M\u00fcssen Daten aus Beweisgr\u00fcnden aufgehoben werden, sind sie solange von der<br \/>L\u00f6schung ausgenommen bis der Vorfall endg\u00fcltig gekl\u00e4rt ist.<br \/>Reichweitenmessung &amp; Cookies<br \/>Diese Website verwendet Cookies zur pseudonymisierten Reichweitenmessung, die entweder von<br \/>unserem Server oder dem Server Dritter an den Browser des Nutzers \u00fcbertragen werden. Bei<br \/>Cookies handelt es sich um kleine Dateien, welche auf Ihrem Endger\u00e4t gespeichert werden. Ihr<br \/>Browser greift auf diese Dateien zu. Durch den Einsatz von Cookies erh\u00f6ht sich die<br \/>Benutzerfreundlichkeit und Sicherheit dieser Website.<br \/>Falls Sie nicht m\u00f6chten, dass Cookies zur Reichweitenmessung auf Ihrem Endger\u00e4t gespeichert<br \/>werden, k\u00f6nnen Sie dem Einsatz dieser Dateien hier widersprechen:<br \/>&#8211; Cookie-Deaktivierungsseite der Netzwerkwerbeinitiative:<br \/>http:\/\/optout.networkadvertising.org\/?c=1#!\/<br \/>&#8211; Cookie-Deaktivierungsseite der US-amerikanischen Website:<br \/>http:\/\/optout.aboutads.info\/?c=2#!\/<br \/>&#8211; Cookie-Deaktivierungsseite der europ\u00e4ischen Website:<br \/>http:\/\/optout.networkadvertising.org\/?c=1#!\/<br \/>G\u00e4ngige Browser bieten die Einstellungsoption, Cookies nicht zuzulassen. Hinweis: Es ist nicht<br \/>gew\u00e4hrleistet, dass Sie auf alle Funktionen dieser Website ohne Einschr\u00e4nkungen zugreifen<br \/>k\u00f6nnen, wenn Sie entsprechende Einstellungen vornehmen.<br \/>Erfassung und Verarbeitung personenbezogener Daten<br \/>Der Websitebetreiber erhebt, nutzt und gibt Ihre personenbezogenen Daten nur dann weiter, wenn<br \/>dies im gesetzlichen Rahmen erlaubt ist oder Sie in die Datenerhebung einwilligen.<br \/>Als personenbezogene Daten gelten s\u00e4mtliche Informationen, welche dazu dienen, Ihre Person zu<br \/>bestimmen und welche zu Ihnen zur\u00fcckverfolgt werden k\u00f6nnen \u2013 also beispielsweise Ihr Name,<br \/>Ihre E-Mail-Adresse und Telefonnummer.<br \/>Diese Website k\u00f6nnen Sie auch besuchen, ohne Angaben zu Ihrer Person zu machen. Zur<br \/>Verbesserung unseres Online-Angebotes speichern wir jedoch (ohne Personenbezug) Ihre<br \/>Zugriffsdaten auf diese Website. Zu diesen Zugriffsdaten geh\u00f6ren z. B. die von Ihnen angeforderte<br \/>Datei oder der Name Ihres Internet-Providers. Durch die Anonymisierung der Daten sind<br \/>R\u00fcckschl\u00fcsse auf Ihre Person nicht m\u00f6glich.<br \/>Wir verarbeiten personenbezogene Daten wie Vorname, Nachname, IP-Adresse, E-Mail-Adresse,<br \/>Wohnort, Postleitzahl und Inhaltsangaben aus dem Kontaktformular. Wir verarbeiten<br \/>personenbezogene Daten nur nach ausdr\u00fccklicher Erlaubnis der betreffenden Nutzer und unter<br \/>Einhaltung der geltenden Datenschutzbestimmungen. Die Verarbeitung der personenbezogenen<br \/>Daten erfolgt aufgrund unseres berechtigten Interesses zur Erf\u00fcllung unserer vertraglich<br \/>vereinbarten Leistungen und zur Optimierung unseres Online-Angebotes.<br \/>Umgang mit Kontaktdaten<br \/>Nehmen Sie mit uns als Websitebetreiber durch die angebotenen Kontaktm\u00f6glichkeiten<br \/>Verbindung auf, werden Ihre Angaben gespeichert, damit auf diese zur Bearbeitung und<br \/>Beantwortung Ihrer Anfrage zur\u00fcckgegriffen werden kann. Ohne Ihre Einwilligung werden diese<br \/>Daten nicht an Dritte weitergegeben.<br \/>Umgang mit Kommentaren und Beitr\u00e4gen<br \/>Hinterlassen Sie auf dieser Website einen Beitrag oder Kommentar, wird Ihre IP-Adresse<br \/>gespeichert. Dies erfolgt aufgrund unserer berechtigten Interessen im Sinne des Art. 6 Abs. 1 lit. f.<br \/>DSGVO und dient der Sicherheit von uns als Websitebetreiber: Denn sollte Ihr Kommentar gegen<br \/>geltendes Recht versto\u00dfen, k\u00f6nnen wir daf\u00fcr belangt werden, weshalb wir ein Interesse an der<br \/>Identit\u00e4t des Kommentar- bzw. Beitragsautors haben.<br \/>Google Analytics<\/p>\n<p><br \/>Diese Website nutzt aufgrund unserer berechtigten Interessen zur Optimierung und Analyse<br \/>unseres Online-Angebots im Sinne des Art. 6 Abs. 1 lit. f. DSGVO den Dienst \u201eGoogle Analytics\u201c,<br \/>welcher von der Google Inc. (1600 Amphitheatre Parkway Mountain View, CA 94043, USA)<br \/>angeboten wird. Der Dienst (Google Analytics) verwendet \u201eCookies\u201c \u2013 Textdateien, welche auf<br \/>Ihrem Endger\u00e4t gespeichert werden. Die durch die Cookies gesammelten Informationen werden im<br \/>Regelfall an einen Google-Server in den USA gesandt und dort gespeichert.<br \/>Google LLC h\u00e4lt das europ\u00e4ische Datenschutzrecht ein und ist unter dem Privacy-Shield-<br \/>Abkommen zertifiziert: https:\/\/www.privacyshield.gov\/participant?<br \/>id=a2zt000000001L5AAI&amp;status=Active<br \/>Auf dieser Website greift die IP-Anonymisierung. Die IP-Adresse der Nutzer wird innerhalb der<br \/>Mitgliedsstaaten der EU und des Europ\u00e4ischen Wirtschaftsraum und in den anderen<br \/>Vertragsstaaten des Abkommens gek\u00fcrzt. Nur in Einzelf\u00e4llen wird die IP-Adresse zun\u00e4chst<br \/>ungek\u00fcrzt in die USA an einen Server von Google \u00fcbertragen und dort gek\u00fcrzt. Durch diese<br \/>K\u00fcrzung entf\u00e4llt der Personenbezug Ihrer IP-Adresse. Die vom Browser \u00fcbermittelte IP-Adresse<br \/>des Nutzers wird nicht mit anderen von Google gespeicherten Daten kombiniert.<br \/>Im Rahmen der Vereinbarung zur Auftragsdatenvereinbarung, welche wir als Websitebetreiber mit<br \/>der Google Inc. geschlossen haben, erstellt diese mithilfe der gesammelten Informationen eine<br \/>Auswertung der Websitenutzung und der Websiteaktivit\u00e4t und erbringt mit der Internetnutzung<br \/>verbundene Dienstleistungen.<br \/>Die von Google in unserem Auftrag erhobenen Daten werden genutzt, um die Nutzung unseres<br \/>Online-Angebots durch die einzelnen Nutzer auswerten zu k\u00f6nnen, z. B. um Reports \u00fcber die<br \/>Aktivit\u00e4t auf der Website zu erstellen, um unser Online-Angebot zu verbessern.<br \/>Sie haben die M\u00f6glichkeit, die Speicherung der Cookies auf Ihrem Ger\u00e4t zu verhindern, indem Sie<br \/>in Ihrem Browser entsprechende Einstellungen vornehmen. Es ist nicht gew\u00e4hrleistet, dass Sie auf<br \/>alle Funktionen dieser Website ohne Einschr\u00e4nkungen zugreifen k\u00f6nnen, wenn Ihr Browser keine<br \/>Cookies zul\u00e4sst.<br \/>Weiterhin k\u00f6nnen Sie durch ein Browser-Plugin verhindern, dass die durch Cookies gesammelten<br \/>Informationen (inklusive Ihrer IP-Adresse) an die Google Inc. gesendet und von der Google Inc.<br \/>genutzt werden. Folgender Link f\u00fchrt Sie zu dem entsprechenden Plugin:<br \/>https:\/\/tools.google.com\/dlpage\/gaoptout?hl=de<br \/>Alternativ verhindern Sie mit einem Klick auf diesen Link (WICHTIG: Opt-Out-Link einf\u00fcgen), dass<br \/>Google Analytics innerhalb dieser Website Daten \u00fcber Sie erfasst. Mit dem Klick auf obigen Link<br \/>laden Sie ein \u201eOpt-Out-Cookie\u201c herunter. Ihr Browser muss die Speicherung von Cookies also<br \/>hierzu grunds\u00e4tzlich erlauben. L\u00f6schen Sie Ihre Cookies regelm\u00e4\u00dfig, ist ein erneuter Klick auf den<br \/>Link bei jedem Besuch dieser Website vonn\u00f6ten.<br \/>Hier finden Sie weitere Informationen zur Datennutzung durch die Google Inc.:<br \/>&#8211; https:\/\/policies.google.com\/privacy\/partners?hl=de (Daten, die von Google-Partnern<br \/>erhoben werden)<br \/>&#8211; https:\/\/adssettings.google.de\/authenticated (Einstellungen \u00fcber Werbung, die Ihnen<br \/>angezeigt wird)<br \/>&#8211; https:\/\/policies.google.com\/technologies\/ads?hl=de (Verwendung von Cookies in<br \/>Anzeigen)<br \/>Rechte des Nutzers<br \/>Sie haben als Nutzer das Recht, auf Antrag eine kostenlose Auskunft dar\u00fcber zu erhalten, welche<br \/>personenbezogenen Daten \u00fcber Sie gespeichert wurden. Sie haben au\u00dferdem das Recht auf<br \/>Berichtigung falscher Daten und auf die Verarbeitungseinschr\u00e4nkung oder L\u00f6schung Ihrer<br \/>personenbezogenen Daten. Falls zutreffend, k\u00f6nnen Sie auch Ihr Recht auf Datenportabilit\u00e4t<br \/>geltend machen. Sollten Sie annehmen, dass Ihre Daten unrechtm\u00e4\u00dfig verarbeitet wurden,<br \/>k\u00f6nnen Sie eine Beschwerde bei der zust\u00e4ndigen Aufsichtsbeh\u00f6rde einreichen.<br \/>L\u00f6schung von Daten<br \/>Sofern Ihr Wunsch nicht mit einer gesetzlichen Pflicht zur Aufbewahrung von Daten (z. B.<br \/>Vorratsdatenspeicherung) kollidiert, haben Sie ein Anrecht auf L\u00f6schung Ihrer Daten. Von uns<br \/>gespeicherte Daten werden, sollten sie f\u00fcr ihre Zweckbestimmung nicht mehr vonn\u00f6ten sein und<br \/>es keine gesetzlichen Aufbewahrungsfristen geben, gel\u00f6scht. Falls eine L\u00f6schung nicht<br \/>durchgef\u00fchrt werden kann, da die Daten f\u00fcr zul\u00e4ssige gesetzliche Zwecke erforderlich sind, erfolgt<br \/>eine Einschr\u00e4nkung der Datenverarbeitung. In diesem Fall werden die Daten gesperrt und nicht f\u00fcr<br \/>andere Zwecke verarbeitet.<br \/>Widerspruchsrecht<br \/>Nutzer dieser Webseite k\u00f6nnen von ihrem Widerspruchsrecht Gebrauch machen und der<br \/>Verarbeitung ihrer personenbezogenen Daten zu jeder Zeit widersprechen.<br \/>Wenn Sie eine Berichtigung, Sperrung, L\u00f6schung oder Auskunft \u00fcber die zu Ihrer Person<br \/>gespeicherten personenbezogenen Daten w\u00fcnschen oder Fragen bzgl. der Erhebung,<br \/>Verarbeitung oder Verwendung Ihrer personenbezogenen Daten haben oder erteilte<br \/>Einwilligungen widerrufen m\u00f6chten, wenden Sie sich bitte an folgende E-Mail-Adresse:<br \/>bakonrandprofile@gmail.com.<\/p>\n<\/div>\t\t\t\t\t\t\t\t<\/div>\n\t\t\t\t<\/div>\n\t\t\t\t<\/div>\n\t\t","protected":false},"excerpt":{"rendered":"<p>Datenschutzerkl\u00e4rung GrundlegendesDiese Datenschutzerkl\u00e4rung soll die Nutzer dieser Website \u00fcber die Art, den Umfang und denZweck der Erhebung und Verwendung personenbezogener<\/p>\n","protected":false},"author":1,"featured_media":0,"parent":0,"menu_order":0,"comment_status":"closed","ping_status":"open","template":"","meta":{"footnotes":""},"class_list":["post-3","page","type-page","status-publish","hentry"],"_links":{"self":[{"href":"https:\/\/balkonrandprofile.com\/index.php?rest_route=\/wp\/v2\/pages\/3","targetHints":{"allow":["GET"]}}],"collection":[{"href":"https:\/\/balkonrandprofile.com\/index.php?rest_route=\/wp\/v2\/pages"}],"about":[{"href":"https:\/\/balkonrandprofile.com\/index.php?rest_route=\/wp\/v2\/types\/page"}],"author":[{"embeddable":true,"href":"https:\/\/balkonrandprofile.com\/index.php?rest_route=\/wp\/v2\/users\/1"}],"replies":[{"embeddable":true,"href":"https:\/\/balkonrandprofile.com\/index.php?rest_route=%2Fwp%2Fv2%2Fcomments&post=3"}],"version-history":[{"count":5,"href":"https:\/\/balkonrandprofile.com\/index.php?rest_route=\/wp\/v2\/pages\/3\/revisions"}],"predecessor-version":[{"id":3192,"href":"https:\/\/balkonrandprofile.com\/index.php?rest_route=\/wp\/v2\/pages\/3\/revisions\/3192"}],"wp:attachment":[{"href":"https:\/\/balkonrandprofile.com\/index.php?rest_route=%2Fwp%2Fv2%2Fmedia&parent=3"}],"curies":[{"name":"wp","href":"https:\/\/api.w.org\/{rel}","templated":true}]}}